{"id":21905,"date":"2024-09-23T11:34:53","date_gmt":"2024-09-23T11:34:53","guid":{"rendered":"https:\/\/www.solucionespyme.net\/?page_id=21905"},"modified":"2024-10-03T08:15:06","modified_gmt":"2024-10-03T08:15:06","slug":"nas-synology","status":"publish","type":"page","link":"https:\/\/www.solucionespyme.net\/ca\/servicios\/nas-synology\/","title":{"rendered":"NAS Synology"},"content":{"rendered":"<div data-elementor-type=\"wp-page\" data-elementor-id=\"21905\" class=\"elementor elementor-21905\">\n\t\t\t\t\t\t<section class=\"elementor-section elementor-top-section elementor-element elementor-element-70d0358 elementor-section-full_width elementor-section-content-middle elementor-section-height-default elementor-section-height-default\" data-id=\"70d0358\" data-element_type=\"section\" data-e-type=\"section\">\n\t\t\t\t\t\t<div class=\"elementor-container elementor-column-gap-wide\">\n\t\t\t\t\t<div class=\"elementor-column elementor-col-50 elementor-top-column elementor-element elementor-element-180a140\" data-id=\"180a140\" data-element_type=\"column\" data-e-type=\"column\">\n\t\t\t<div class=\"elementor-widget-wrap elementor-element-populated\">\n\t\t\t\t\t\t<div class=\"elementor-element elementor-element-85c37bd elementor-widget elementor-widget-rs-heading\" data-id=\"85c37bd\" data-element_type=\"widget\" data-e-type=\"widget\" data-widget_type=\"rs-heading.default\">\n\t\t\t\t<div class=\"elementor-widget-container\">\n\t\t\t\t\t        <div class=\"rs-heading style14\">\r\n        \t<div class=\"title-inner\">        \t\t      \t\t\r\n\t            <span class=\"sub-text\">NAS Synology<\/span><h2 class=\"title\"><span class=\"watermark\"><\/span>Almacenamiento Seguro y Centralizado con NAS Synology<\/h2>\t\t\t\t\t\t\t\t\t<div class=\"heading-line\"><\/div>\r\n\t\t\t\t\t        <\/div>\r\n\t                <\/div>\r\n\r\n        \t\t\t\t<\/div>\n\t\t\t\t<\/div>\n\t\t\t\t<div class=\"elementor-element elementor-element-8622cc3 elementor-widget elementor-widget-text-editor\" data-id=\"8622cc3\" data-element_type=\"widget\" data-e-type=\"widget\" data-widget_type=\"text-editor.default\">\n\t\t\t\t<div class=\"elementor-widget-container\">\n\t\t\t\t\t\t\t\t\t<p>La configuraci\u00f3n de un NAS (Network Attached Storage) de Synology te ofrece una soluci\u00f3n de almacenamiento segura y centralizada para tus datos. Dise\u00f1amos e implementamos un sistema que garantiza la accesibilidad, protecci\u00f3n y organizaci\u00f3n de tu informaci\u00f3n, permitiendo a tu equipo colaborar de manera eficiente. Con opciones de respaldo autom\u00e1ticas y funcionalidades avanzadas de seguridad, aseguramos que tus datos est\u00e9n siempre disponibles y protegidos frente a amenazas.<\/p>\t\t\t\t\t\t\t\t<\/div>\n\t\t\t\t<\/div>\n\t\t\t\t<div class=\"elementor-element elementor-element-c08c638 elementor-widget elementor-widget-rs-button\" data-id=\"c08c638\" data-element_type=\"widget\" data-e-type=\"widget\" data-widget_type=\"rs-button.default\">\n\t\t\t\t<div class=\"elementor-widget-container\">\n\t\t\t\t\t\t\r\n\t\t\r\n\t\t\t\t\t<div class=\"rs-btn\">\r\n\t\t\t\t\t\t\t\t<a class=\"readon rs_button\" href=\"https:\/\/www.solucionespyme.net\/ca\/contacto\/\" >\t\t\t\t\r\n\t\t\t\t\t<span class=\"btn_text\">Contacta con Nosotros<\/span>\r\n\t\t\t\t\t\t\t\t\t<\/a>\r\n\t\t\t<\/div> \r\n\t\t   \r\n\t\t\t\t\t<\/div>\n\t\t\t\t<\/div>\n\t\t\t\t\t<\/div>\n\t\t<\/div>\n\t\t\t\t<div class=\"elementor-column elementor-col-50 elementor-top-column elementor-element elementor-element-97938da animated-slow\" data-id=\"97938da\" data-element_type=\"column\" data-e-type=\"column\" data-settings=\"{&quot;animation&quot;:&quot;none&quot;,&quot;animation_delay&quot;:500}\">\n\t\t\t<div class=\"elementor-widget-wrap elementor-element-populated\">\n\t\t\t\t\t\t<div class=\"elementor-element elementor-element-f9a5035 animated-slow elementor-widget elementor-widget-image\" data-id=\"f9a5035\" data-element_type=\"widget\" data-e-type=\"widget\" data-settings=\"{&quot;_animation&quot;:&quot;none&quot;}\" data-widget_type=\"image.default\">\n\t\t\t\t<div class=\"elementor-widget-container\">\n\t\t\t\t\t\t\t\t\t\t\t\t\t\t\t<img fetchpriority=\"high\" decoding=\"async\" width=\"640\" height=\"640\" src=\"https:\/\/www.solucionespyme.net\/wp-content\/uploads\/2024\/10\/NAS-sYNOLOGY.png\" class=\"attachment-large size-large wp-image-22149\" alt=\"\" srcset=\"https:\/\/www.solucionespyme.net\/wp-content\/uploads\/2024\/10\/NAS-sYNOLOGY.png 768w, https:\/\/www.solucionespyme.net\/wp-content\/uploads\/2024\/10\/NAS-sYNOLOGY-300x300.png 300w, https:\/\/www.solucionespyme.net\/wp-content\/uploads\/2024\/10\/NAS-sYNOLOGY-150x150.png 150w, https:\/\/www.solucionespyme.net\/wp-content\/uploads\/2024\/10\/NAS-sYNOLOGY-500x500.png 500w\" sizes=\"(max-width: 640px) 100vw, 640px\" \/>\t\t\t\t\t\t\t\t\t\t\t\t\t\t\t<\/div>\n\t\t\t\t<\/div>\n\t\t\t\t\t<\/div>\n\t\t<\/div>\n\t\t\t\t\t<\/div>\n\t\t<\/section>\n\t\t\t\t<section class=\"elementor-section elementor-top-section elementor-element elementor-element-38076f75 elementor-section-full_width elementor-section-height-default elementor-section-height-default\" data-id=\"38076f75\" data-element_type=\"section\" data-e-type=\"section\">\n\t\t\t\t\t\t<div class=\"elementor-container elementor-column-gap-default\">\n\t\t\t\t\t<div class=\"elementor-column elementor-col-100 elementor-top-column elementor-element elementor-element-7d66a9cd\" data-id=\"7d66a9cd\" data-element_type=\"column\" data-e-type=\"column\">\n\t\t\t<div class=\"elementor-widget-wrap elementor-element-populated\">\n\t\t\t\t\t\t<section class=\"elementor-section elementor-inner-section elementor-element elementor-element-542dca6c elementor-section-full_width elementor-section-height-default elementor-section-height-default\" data-id=\"542dca6c\" data-element_type=\"section\" data-e-type=\"section\">\n\t\t\t\t\t\t<div class=\"elementor-container elementor-column-gap-default\">\n\t\t\t\t\t<div class=\"elementor-column elementor-col-33 elementor-inner-column elementor-element elementor-element-4a068b1c\" data-id=\"4a068b1c\" data-element_type=\"column\" data-e-type=\"column\">\n\t\t\t<div class=\"elementor-widget-wrap elementor-element-populated\">\n\t\t\t\t\t\t<div class=\"elementor-element elementor-element-327e1103 elementor-widget elementor-widget-rs-service-grid\" data-id=\"327e1103\" data-element_type=\"widget\" data-e-type=\"widget\" data-settings=\"{&quot;_animation&quot;:&quot;none&quot;}\" data-widget_type=\"rs-service-grid.default\">\n\t\t\t\t<div class=\"elementor-widget-container\">\n\t\t\t\t\t\t\t\r\n\t\t<div class=\"rs-animation-yes rs-addon-services services-style4 service_shape_ box_shadow_serial_disable\">\r\n\t\t    <div class=\"services-part image-align-\">\r\n\t\t    \t\t\t\t    \t\t    \t\t\r\n\t\t    \t\r\n\t\t    \t\t\t\r\n\t\t    \t\t\t\t\t\t    \t\t\t<div class=\"services-icon elementor-animation-shrink image\">\r\n\r\n\t\t\t\t\t    \t\t\r\n\t\t\t\t\t    \t\t\r\n\t\t\t\t\t    \t\t\t\t\t\t\t    \t\t\t<img decoding=\"async\" class=\"main-img\" src=\"https:\/\/www.solucionespyme.net\/wp-content\/uploads\/2020\/12\/1-3.png\" alt=\"image\"\/>\r\n\t\t\t\t\t    \t\t\t\r\n\t\t\t\t\t    \t\t\t\t\t\t\t    \t\t\r\n\t\t\t\t    \t\t<\/div>\r\n\t\t\t    \t\t\r\n\r\n\t\t    \t\t\t    \t\t       \r\n\t\t\t    <div class=\"services-text\">\r\n\r\n\t\t\t    \t\r\n\t\t\t    \t\t\t    \t    \t\t\t    \t\t    \t<div class=\"services-title\">\t\t\t\t    \t\t\r\n\t\t    \t\t    \t\t\t\t    \t\t    \t\t\t<h3 class=\"title\"> Almacenamiento Centralizado<\/h3>\r\n\t\t    \t\t    \t\t\t\t\t\t    \t\t\r\n\t\t    \t\t    \t<\/div>\r\n\t\t    \t    \t\t\t\t\t    \r\n\t\t\t    \t\t\t\t    \t\t<p class=\"services-txt\">  Acceso f\u00e1cil y organizado a todos tus archivos desde cualquier dispositivo conectado a la red.<\/p>\t\r\n\t\t\t    \t\t\r\n\r\n\r\n\r\n\t\t\t    \t\t    \t    \t\t\t    \t    \t\r\n\r\n\r\n\r\n\t\t\t    <\/div>\r\n\t\t\t<\/div>\r\n\t\t<\/div>\t\r\n\t\t\r\n\t\t\t\t\t<\/div>\n\t\t\t\t<\/div>\n\t\t\t\t\t<\/div>\n\t\t<\/div>\n\t\t\t\t<div class=\"elementor-column elementor-col-33 elementor-inner-column elementor-element elementor-element-200afddb\" data-id=\"200afddb\" data-element_type=\"column\" data-e-type=\"column\">\n\t\t\t<div class=\"elementor-widget-wrap elementor-element-populated\">\n\t\t\t\t\t\t<div class=\"elementor-element elementor-element-38056c60 icon_bg_style1 elementor-widget elementor-widget-rs-service-grid\" data-id=\"38056c60\" data-element_type=\"widget\" data-e-type=\"widget\" data-settings=\"{&quot;_animation&quot;:&quot;none&quot;}\" data-widget_type=\"rs-service-grid.default\">\n\t\t\t\t<div class=\"elementor-widget-container\">\n\t\t\t\t\t\t\t\r\n\t\t<div class=\"rs-animation-yes rs-addon-services services-style4 service_shape_ box_shadow_serial_disable\">\r\n\t\t    <div class=\"services-part image-align-\">\r\n\t\t    \t\t\t\t    \t\t    \t\t\r\n\t\t    \t\r\n\t\t    \t\t\t\r\n\t\t    \t\t\t\t\t\t    \t\t\t<div class=\"services-icon elementor-animation-shrink image\">\r\n\r\n\t\t\t\t\t    \t\t\r\n\t\t\t\t\t    \t\t\r\n\t\t\t\t\t    \t\t\t\t\t\t\t    \t\t\t<img decoding=\"async\" class=\"main-img\" src=\"https:\/\/www.solucionespyme.net\/wp-content\/uploads\/2020\/12\/shield.png\" alt=\"image\"\/>\r\n\t\t\t\t\t    \t\t\t\r\n\t\t\t\t\t    \t\t\t\t\t\t\t    \t\t\r\n\t\t\t\t    \t\t<\/div>\r\n\t\t\t    \t\t\r\n\r\n\t\t    \t\t\t    \t\t       \r\n\t\t\t    <div class=\"services-text\">\r\n\r\n\t\t\t    \t\r\n\t\t\t    \t\t\t    \t    \t\t\t    \t\t    \t<div class=\"services-title\">\t\t\t\t    \t\t\r\n\t\t    \t\t    \t\t\t\t    \t\t    \t\t\t<h3 class=\"title\"> Seguridad Avanzada<\/h3>\r\n\t\t    \t\t    \t\t\t\t\t\t    \t\t\r\n\t\t    \t\t    \t<\/div>\r\n\t\t    \t    \t\t\t\t\t    \r\n\t\t\t    \t\t\t\t    \t\t<p class=\"services-txt\">  Protecciones integradas contra p\u00e9rdida de datos, con copias de seguridad autom\u00e1ticas y cifrado de informaci\u00f3n.<\/p>\t\r\n\t\t\t    \t\t\r\n\r\n\r\n\r\n\t\t\t    \t\t    \t    \t\t\t    \t    \t\r\n\r\n\r\n\r\n\t\t\t    <\/div>\r\n\t\t\t<\/div>\r\n\t\t<\/div>\t\r\n\t\t\r\n\t\t\t\t\t<\/div>\n\t\t\t\t<\/div>\n\t\t\t\t\t<\/div>\n\t\t<\/div>\n\t\t\t\t<div class=\"elementor-column elementor-col-33 elementor-inner-column elementor-element elementor-element-76073b3b\" data-id=\"76073b3b\" data-element_type=\"column\" data-e-type=\"column\">\n\t\t\t<div class=\"elementor-widget-wrap elementor-element-populated\">\n\t\t\t\t\t\t<div class=\"elementor-element elementor-element-27a83ca5 icon_bg_style1 elementor-widget elementor-widget-rs-service-grid\" data-id=\"27a83ca5\" data-element_type=\"widget\" data-e-type=\"widget\" data-settings=\"{&quot;_animation&quot;:&quot;none&quot;}\" data-widget_type=\"rs-service-grid.default\">\n\t\t\t\t<div class=\"elementor-widget-container\">\n\t\t\t\t\t\t\t\r\n\t\t<div class=\"rs-animation-yes rs-addon-services services-style4 service_shape_ box_shadow_serial_disable\">\r\n\t\t    <div class=\"services-part image-align-\">\r\n\t\t    \t\t\t\t    \t\t    \t\t\r\n\t\t    \t\r\n\t\t    \t\t\t\r\n\t\t    \t\t\t\t\t\t    \t\t\t<div class=\"services-icon elementor-animation-shrink image\">\r\n\r\n\t\t\t\t\t    \t\t\r\n\t\t\t\t\t    \t\t\r\n\t\t\t\t\t    \t\t\t\t\t\t\t    \t\t\t<img decoding=\"async\" class=\"main-img\" src=\"https:\/\/www.solucionespyme.net\/wp-content\/uploads\/2020\/12\/3-2.png\" alt=\"image\"\/>\r\n\t\t\t\t\t    \t\t\t\r\n\t\t\t\t\t    \t\t\t\t\t\t\t    \t\t\r\n\t\t\t\t    \t\t<\/div>\r\n\t\t\t    \t\t\r\n\r\n\t\t    \t\t\t    \t\t       \r\n\t\t\t    <div class=\"services-text\">\r\n\r\n\t\t\t    \t\r\n\t\t\t    \t\t\t    \t    \t\t\t    \t\t    \t<div class=\"services-title\">\t\t\t\t    \t\t\r\n\t\t    \t\t    \t\t\t\t    \t\t    \t\t\t<h3 class=\"title\"> Facilidad de Uso<\/h3>\r\n\t\t    \t\t    \t\t\t\t\t\t    \t\t\r\n\t\t    \t\t    \t<\/div>\r\n\t\t    \t    \t\t\t\t\t    \r\n\t\t\t    \t\t\t\t    \t\t<p class=\"services-txt\">  Interfaz intuitiva que simplifica la gesti\u00f3n de archivos y configuraciones personalizadas.<\/p>\t\r\n\t\t\t    \t\t\r\n\r\n\r\n\r\n\t\t\t    \t\t    \t    \t\t\t    \t    \t\r\n\r\n\r\n\r\n\t\t\t    <\/div>\r\n\t\t\t<\/div>\r\n\t\t<\/div>\t\r\n\t\t\r\n\t\t\t\t\t<\/div>\n\t\t\t\t<\/div>\n\t\t\t\t\t<\/div>\n\t\t<\/div>\n\t\t\t\t\t<\/div>\n\t\t<\/section>\n\t\t\t\t\t<\/div>\n\t\t<\/div>\n\t\t\t\t\t<\/div>\n\t\t<\/section>\n\t\t\t\t<section class=\"elementor-section elementor-top-section elementor-element elementor-element-65ab0d8 elementor-section-full_width elementor-section-stretched elementor-section-height-default elementor-section-height-default\" data-id=\"65ab0d8\" data-element_type=\"section\" data-e-type=\"section\" data-settings=\"{&quot;stretch_section&quot;:&quot;section-stretched&quot;,&quot;background_background&quot;:&quot;classic&quot;}\">\n\t\t\t\t\t\t<div class=\"elementor-container elementor-column-gap-default\">\n\t\t\t\t\t<div class=\"elementor-column elementor-col-100 elementor-top-column elementor-element elementor-element-9978585\" data-id=\"9978585\" data-element_type=\"column\" data-e-type=\"column\">\n\t\t\t<div class=\"elementor-widget-wrap elementor-element-populated\">\n\t\t\t\t<div class=\"elementor-element elementor-element-3b41818 e-flex e-con-boxed e-con e-parent\" data-id=\"3b41818\" data-element_type=\"container\" data-e-type=\"container\">\n\t\t\t\t\t<div class=\"e-con-inner\">\n\t\t\t\t<div class=\"elementor-element elementor-element-e99fec9 elementor-widget elementor-widget-rs-heading\" data-id=\"e99fec9\" data-element_type=\"widget\" data-e-type=\"widget\" data-widget_type=\"rs-heading.default\">\n\t\t\t\t<div class=\"elementor-widget-container\">\n\t\t\t\t\t        <div class=\"rs-heading default center\">\r\n        \t<div class=\"title-inner\">        \t\t      \t\t\r\n\t            <h3 class=\"title\"><span class=\"watermark\"><\/span>Transforma tu tecnolog\u00eda, cont\u00e1ctanos y comienza hoy.<\/h3>\t\t\t\t\t        <\/div>\r\n\t                <\/div>\r\n\r\n        \t\t\t\t<\/div>\n\t\t\t\t<\/div>\n\t\t\t\t<div class=\"elementor-element elementor-element-bcb524d elementor-widget elementor-widget-rs-button\" data-id=\"bcb524d\" data-element_type=\"widget\" data-e-type=\"widget\" data-widget_type=\"rs-button.default\">\n\t\t\t\t<div class=\"elementor-widget-container\">\n\t\t\t\t\t\t\r\n\t\t\r\n\t\t\t\t\t<div class=\"rs-btn\">\r\n\t\t\t\t\t\t\t\t<a class=\"readon rs_button\" href=\"https:\/\/www.solucionespyme.net\/ca\/contacto\/\" >\t\t\t\t\r\n\t\t\t\t\t<span class=\"btn_text\">Cont\u00e1ctanos<\/span>\r\n\t\t\t\t\t\t\t\t\t<\/a>\r\n\t\t\t<\/div> \r\n\t\t   \r\n\t\t\t\t\t<\/div>\n\t\t\t\t<\/div>\n\t\t\t\t\t<\/div>\n\t\t\t\t<\/div>\n\t\t\t\t\t<\/div>\n\t\t<\/div>\n\t\t\t\t\t<\/div>\n\t\t<\/section>\n\t\t\t\t<\/div>","protected":false},"excerpt":{"rendered":"<p>NAS Synology Almacenamiento Seguro y Centralizado con NAS Synology La configuraci\u00f3n de un NAS (Network Attached Storage) de Synology te ofrece una soluci\u00f3n de almacenamiento segura y centralizada para tus datos. Dise\u00f1amos e implementamos un sistema que garantiza la accesibilidad, protecci\u00f3n y organizaci\u00f3n de tu informaci\u00f3n, permitiendo a tu equipo colaborar de manera eficiente. Con&#8230;<\/p>","protected":false},"author":1,"featured_media":0,"parent":11559,"menu_order":0,"comment_status":"closed","ping_status":"closed","template":"","meta":{"om_disable_all_campaigns":false,"_monsterinsights_skip_tracking":false,"_monsterinsights_sitenote_active":false,"_monsterinsights_sitenote_note":"","_monsterinsights_sitenote_category":0,"_joinchat":[],"footnotes":""},"class_list":["post-21905","page","type-page","status-publish","hentry"],"aioseo_notices":[],"_links":{"self":[{"href":"https:\/\/www.solucionespyme.net\/ca\/wp-json\/wp\/v2\/pages\/21905","targetHints":{"allow":["GET"]}}],"collection":[{"href":"https:\/\/www.solucionespyme.net\/ca\/wp-json\/wp\/v2\/pages"}],"about":[{"href":"https:\/\/www.solucionespyme.net\/ca\/wp-json\/wp\/v2\/types\/page"}],"author":[{"embeddable":true,"href":"https:\/\/www.solucionespyme.net\/ca\/wp-json\/wp\/v2\/users\/1"}],"replies":[{"embeddable":true,"href":"https:\/\/www.solucionespyme.net\/ca\/wp-json\/wp\/v2\/comments?post=21905"}],"version-history":[{"count":5,"href":"https:\/\/www.solucionespyme.net\/ca\/wp-json\/wp\/v2\/pages\/21905\/revisions"}],"predecessor-version":[{"id":22152,"href":"https:\/\/www.solucionespyme.net\/ca\/wp-json\/wp\/v2\/pages\/21905\/revisions\/22152"}],"up":[{"embeddable":true,"href":"https:\/\/www.solucionespyme.net\/ca\/wp-json\/wp\/v2\/pages\/11559"}],"wp:attachment":[{"href":"https:\/\/www.solucionespyme.net\/ca\/wp-json\/wp\/v2\/media?parent=21905"}],"curies":[{"name":"wp","href":"https:\/\/api.w.org\/{rel}","templated":true}]}}